{"id":17,"date":"2018-11-26T12:45:57","date_gmt":"2018-11-26T12:45:57","guid":{"rendered":"https:\/\/bluexperiences.pt\/index.php\/about\/"},"modified":"2025-04-16T06:31:09","modified_gmt":"2025-04-16T06:31:09","slug":"about","status":"publish","type":"page","link":"https:\/\/bluexperiences.pt\/es\/about\/","title":{"rendered":"Sobre"},"content":{"rendered":"<div data-elementor-type=\"wp-post\" data-elementor-id=\"17\" class=\"elementor elementor-17\" data-elementor-post-type=\"page\">\n\t\t\t\t<div class=\"elementor-element elementor-element-8f7d83a e-flex e-con-boxed e-con e-parent\" data-id=\"8f7d83a\" data-element_type=\"container\" data-e-type=\"container\" data-settings=\"{&quot;background_background&quot;:&quot;classic&quot;}\">\n\t\t\t\t\t<div class=\"e-con-inner\">\n\t\t<div class=\"elementor-element elementor-element-83100f6 e-con-full e-flex e-con e-child\" data-id=\"83100f6\" data-element_type=\"container\" data-e-type=\"container\">\n\t\t\t\t<div class=\"elementor-element elementor-element-2d3a0c4 elementor-widget elementor-widget-heading\" data-id=\"2d3a0c4\" data-element_type=\"widget\" data-e-type=\"widget\" data-widget_type=\"heading.default\">\n\t\t\t\t<div class=\"elementor-widget-container\">\n\t\t\t\t\t<h5 class=\"elementor-heading-title elementor-size-default\">Sobre nosotros\n<\/h5>\t\t\t\t<\/div>\n\t\t\t\t<\/div>\n\t\t\t\t<div class=\"elementor-element elementor-element-68928d8 elementor-widget elementor-widget-heading\" data-id=\"68928d8\" data-element_type=\"widget\" data-e-type=\"widget\" data-widget_type=\"heading.default\">\n\t\t\t\t<div class=\"elementor-widget-container\">\n\t\t\t\t\t<h1 class=\"elementor-heading-title elementor-size-default\">BLUE XPERIENCES<\/h1>\t\t\t\t<\/div>\n\t\t\t\t<\/div>\n\t\t\t\t<div class=\"elementor-element elementor-element-f2189e4 elementor-widget elementor-widget-heading\" data-id=\"f2189e4\" data-element_type=\"widget\" data-e-type=\"widget\" data-widget_type=\"heading.default\">\n\t\t\t\t<div class=\"elementor-widget-container\">\n\t\t\t\t\t<h4 class=\"elementor-heading-title elementor-size-default\">Turismo de Naturaleza y Aventura en el Algarve<\/h4>\t\t\t\t<\/div>\n\t\t\t\t<\/div>\n\t\t\t\t<div class=\"elementor-element elementor-element-26de05f elementor-widget elementor-widget-button\" data-id=\"26de05f\" data-element_type=\"widget\" data-e-type=\"widget\" data-widget_type=\"button.default\">\n\t\t\t\t<div class=\"elementor-widget-container\">\n\t\t\t\t\t\t\t\t\t<div class=\"elementor-button-wrapper\">\n\t\t\t\t\t<a class=\"elementor-button elementor-button-link elementor-size-sm\" href=\"https:\/\/fareharbor.com\/embeds\/book\/bluexperiences\/?full-items=yes&#038;flow=398461\" id=\"exclude\">\n\t\t\t\t\t\t<span class=\"elementor-button-content-wrapper\">\n\t\t\t\t\t\t\t\t\t<span class=\"elementor-button-text\">Reservar<\/span>\n\t\t\t\t\t<\/span>\n\t\t\t\t\t<\/a>\n\t\t\t\t<\/div>\n\t\t\t\t\t\t\t\t<\/div>\n\t\t\t\t<\/div>\n\t\t\t\t<\/div>\n\t\t\t\t\t<\/div>\n\t\t\t\t<\/div>\n\t\t<div class=\"elementor-element elementor-element-8fe159f e-flex e-con-boxed e-con e-parent\" data-id=\"8fe159f\" data-element_type=\"container\" data-e-type=\"container\">\n\t\t\t\t\t<div class=\"e-con-inner\">\n\t\t<div class=\"elementor-element elementor-element-3fd3937 e-con-full e-flex e-con e-child\" data-id=\"3fd3937\" data-element_type=\"container\" data-e-type=\"container\" data-settings=\"{&quot;background_background&quot;:&quot;classic&quot;}\">\n\t\t<div class=\"elementor-element elementor-element-30ee670 e-con-full e-flex e-con e-child\" data-id=\"30ee670\" data-element_type=\"container\" data-e-type=\"container\">\n\t\t<div class=\"elementor-element elementor-element-bac67d6 e-con-full e-flex e-con e-child\" data-id=\"bac67d6\" data-element_type=\"container\" data-e-type=\"container\" data-settings=\"{&quot;background_background&quot;:&quot;classic&quot;}\">\n\t\t\t\t<\/div>\n\t\t<div class=\"elementor-element elementor-element-9316d89 e-con-full e-flex e-con e-child\" data-id=\"9316d89\" data-element_type=\"container\" data-e-type=\"container\">\n\t\t\t\t<div class=\"elementor-element elementor-element-3cb5af9 elementor-widget elementor-widget-heading\" data-id=\"3cb5af9\" data-element_type=\"widget\" data-e-type=\"widget\" data-widget_type=\"heading.default\">\n\t\t\t\t<div class=\"elementor-widget-container\">\n\t\t\t\t\t<h5 class=\"elementor-heading-title elementor-size-default\">Un equipo que te inspira de la aventura.<\/h5>\t\t\t\t<\/div>\n\t\t\t\t<\/div>\n\t\t\t\t<div class=\"elementor-element elementor-element-6600a79 elementor-widget elementor-widget-heading\" data-id=\"6600a79\" data-element_type=\"widget\" data-e-type=\"widget\" data-widget_type=\"heading.default\">\n\t\t\t\t<div class=\"elementor-widget-container\">\n\t\t\t\t\t<h2 class=\"elementor-heading-title elementor-size-default\">Rencontrez les Blue Xperiences<\/h2>\t\t\t\t<\/div>\n\t\t\t\t<\/div>\n\t\t\t\t<div class=\"elementor-element elementor-element-7d64944 elementor-widget elementor-widget-text-editor\" data-id=\"7d64944\" data-element_type=\"widget\" data-e-type=\"widget\" data-widget_type=\"text-editor.default\">\n\t\t\t\t<div class=\"elementor-widget-container\">\n\t\t\t\t\t\t\t\t\t<p>Blue Xperiences SUP &amp; SURF es m\u00e1s que una empresa: es una pasi\u00f3n compartida por una familia que ve lo mejor que el Algarve, Portugal, tiene para ofrecer. Guiados por el amor por el sol radiante, las impresionantes playas, el clima c\u00e1lido, el vasto oc\u00e9ano y la c\u00e1lida presencia de gente incre\u00edble, dedicamos nuestro trabajo a brindar experiencias \u00fanicas y memorables.<br \/>Nuestra base est\u00e1 estrat\u00e9gicamente ubicada en Arma\u00e7\u00e3o de P\u00eara, uno de los destinos m\u00e1s visitados del Algarve. Esta encantadora localidad alberga una magn\u00edfica bah\u00eda que es un verdadero tesoro del sur de Portugal. La playa de Arma\u00e7\u00e3o de P\u00eara es una joya ba\u00f1ada por el Atl\u00e1ntico, merecedora de la prestigiosa distinci\u00f3n de oro en calidad.<br \/><br \/><\/p>\t\t\t\t\t\t\t\t<\/div>\n\t\t\t\t<\/div>\n\t\t\t\t<\/div>\n\t\t\t\t<\/div>\n\t\t<div class=\"elementor-element elementor-element-71eac6d e-con-full e-flex e-con e-child\" data-id=\"71eac6d\" data-element_type=\"container\" data-e-type=\"container\">\n\t\t<div class=\"elementor-element elementor-element-ecda35c e-con-full e-flex e-con e-child\" data-id=\"ecda35c\" data-element_type=\"container\" data-e-type=\"container\">\n\t\t\t\t<div class=\"elementor-element elementor-element-13048f1 elementor-widget elementor-widget-text-editor\" data-id=\"13048f1\" data-element_type=\"widget\" data-e-type=\"widget\" data-widget_type=\"text-editor.default\">\n\t\t\t\t<div class=\"elementor-widget-container\">\n\t\t\t\t\t\t\t\t\t<p>En Blue Xperiences pretendemos ir m\u00e1s all\u00e1 de las simples actividades acu\u00e1ticas. Queremos que cada cliente se sumerja no s\u00f3lo en las refrescantes aguas del oc\u00e9ano sino tambi\u00e9n en la cultura, la hospitalidad y la belleza natural que hacen del Algarve un destino tan especial. Ofrecemos no solo la oportunidad de practicar stand-up paddle (SUP) y surf, sino tambi\u00e9n una experiencia completa que celebra la esencia de esta regi\u00f3n \u00fanica.<br \/>Nuestro equipo est\u00e1 compuesto por entusiastas locales apasionados por el mar y la vida al aire libre. Estamos comprometidos a compartir nuestra alegr\u00eda y conocimiento, asegurando que todos los que elijan Blue Xperiences se lleven no solo habilidades acu\u00e1ticas mejoradas sino tambi\u00e9n recuerdos inolvidables.<\/p><p>Si eres un principiante ansioso que da los primeros pasos en la tabla o un veterano de las olas que busca nuevos desaf\u00edos, Blue Xperiences tiene algo especial que ofrecer a todos. \u00danase a nosotros y descubra el Algarve de una manera \u00fanica, donde el sol, las playas, el clima, el mar y gente incre\u00edble se fusionan en una experiencia verdaderamente azul.<br \/>Inspiramos a nuestros clientes a aventurarse m\u00e1s all\u00e1 de los l\u00edmites convencionales, invit\u00e1ndolos a descubrir el Algarve de una manera inesperada, acompa\u00f1ados por gu\u00edas locales apasionados y conocedores. En Blue Xperiences creemos que la verdadera belleza est\u00e1 en los detalles y las historias que dan vida a cada lugar.<br \/>Nuestras experiencias de Stand-Up Paddle (SUP) y Kayak en las famosas Cuevas de Benagil son realmente \u00fanicas. Bajo la cuidadosa gu\u00eda de nuestros experimentados gu\u00edas locales, los participantes exploran no solo las aguas cristalinas sino que tambi\u00e9n aprenden sobre la fascinante observaci\u00f3n de f\u00f3siles y la morfolog\u00eda costera que dieron forma a este impresionante tramo de la costa del Algarve. La geolog\u00eda cobra vida mientras navegamos por las cuevas y revelamos los secretos ocultos de las formaciones rocosas que cuentan la historia milenaria de este encantador lugar.<\/p>\t\t\t\t\t\t\t\t<\/div>\n\t\t\t\t<\/div>\n\t\t\t\t<\/div>\n\t\t\t\t<\/div>\n\t\t<div class=\"elementor-element elementor-element-ac33caa e-con-full e-flex e-con e-child\" data-id=\"ac33caa\" data-element_type=\"container\" data-e-type=\"container\">\n\t\t<div class=\"elementor-element elementor-element-eba4dca e-con-full e-flex e-con e-child\" data-id=\"eba4dca\" data-element_type=\"container\" data-e-type=\"container\">\n\t\t\t\t<div class=\"elementor-element elementor-element-1a5f98b elementor-widget elementor-widget-text-editor\" data-id=\"1a5f98b\" data-element_type=\"widget\" data-e-type=\"widget\" data-widget_type=\"text-editor.default\">\n\t\t\t\t<div class=\"elementor-widget-container\">\n\t\t\t\t\t\t\t\t\t<p>Nuestras clases de surf en la playa de Arma\u00e7\u00e3o de P\u00eara son una experiencia emocionante para los amantes del oc\u00e9ano. Bajo la gu\u00eda de instructores experimentados, los participantes se sumergen en el apasionante mundo del surf, aprendiendo no solo t\u00e9cnicas esenciales sino tambi\u00e9n adquiriendo una comprensi\u00f3n m\u00e1s profunda de las mareas, las corrientes y los ritmos del Atl\u00e1ntico. Cada ola se convierte en una oportunidad para perfeccionar habilidades y crear recuerdos que resonar\u00e1n para siempre.<br \/>Adem\u00e1s de las actividades acu\u00e1ticas, nuestro compromiso con la educaci\u00f3n ambiental y cultural es evidente en cada momento de nuestras experiencias. Valoramos no s\u00f3lo la diversi\u00f3n y la emoci\u00f3n sino tambi\u00e9n el conocimiento y el respeto por el medio ambiente. Al elegir Blue Xperiences, los clientes no s\u00f3lo se aventuran en las aguas del Algarve sino que tambi\u00e9n se convierten en exploradores conscientes, contribuyendo a la preservaci\u00f3n de este tesoro natural para las generaciones futuras.<br \/>\u00danase a nosotros en Blue Xperiences SUP &amp; SURF y d\u00e9jese cautivar por la belleza, la historia y la autenticidad del Algarve. En cada remo, en cada ola, descubra un Algarve que va m\u00e1s all\u00e1 de sus expectativas, convirtiendo cada visita en una experiencia verdaderamente memorable.<\/p>\t\t\t\t\t\t\t\t<\/div>\n\t\t\t\t<\/div>\n\t\t\t\t<\/div>\n\t\t<div class=\"elementor-element elementor-element-ca709e7 e-con-full e-flex e-con e-child\" data-id=\"ca709e7\" data-element_type=\"container\" data-e-type=\"container\" data-settings=\"{&quot;background_background&quot;:&quot;classic&quot;}\">\n\t\t\t\t<\/div>\n\t\t\t\t<\/div>\n\t\t\t\t<\/div>\n\t\t\t\t\t<\/div>\n\t\t\t\t<\/div>\n\t\t<div class=\"elementor-element elementor-element-6233e62 e-flex e-con-boxed e-con e-parent\" data-id=\"6233e62\" data-element_type=\"container\" data-e-type=\"container\" data-settings=\"{&quot;background_background&quot;:&quot;classic&quot;}\">\n\t\t\t\t\t<div class=\"e-con-inner\">\n\t\t<div class=\"elementor-element elementor-element-e4d216e e-con-full e-flex e-con e-child\" data-id=\"e4d216e\" data-element_type=\"container\" data-e-type=\"container\">\n\t\t\t\t<\/div>\n\t\t\t\t\t<\/div>\n\t\t\t\t<\/div>\n\t\t\t\t<\/div>","protected":false},"excerpt":{"rendered":"<p>ABOUT US BLUE XPERIENCES Nature and Adventure Tourism in the Algarve Book Now A team that inspires you from the adventure Meet the Blue Xperiences Blue Xperiences SUP &amp; SURF is more than a company &#8211; it is a passion shared by a family that sees the best that the Algarve, Portugal, has to offer. [&hellip;]<\/p>\n","protected":false},"author":3,"featured_media":4319,"parent":0,"menu_order":0,"comment_status":"closed","ping_status":"closed","template":"","meta":{"_seopress_robots_primary_cat":"","_seopress_titles_title":"","_seopress_titles_desc":"Discover Blue Xperiences: Dive into Algarve adventures with SUP, surfing, kayaking, and cave explorations. Unforgettable experiences await!","_seopress_robots_index":"","site-sidebar-layout":"no-sidebar","site-content-layout":"page-builder","ast-site-content-layout":"full-width-container","site-content-style":"unboxed","site-sidebar-style":"unboxed","ast-global-header-display":"","ast-banner-title-visibility":"","ast-main-header-display":"","ast-hfb-above-header-display":"","ast-hfb-below-header-display":"","ast-hfb-mobile-header-display":"","site-post-title":"disabled","ast-breadcrumbs-content":"","ast-featured-img":"disabled","footer-sml-layout":"","ast-disable-related-posts":"","theme-transparent-header-meta":"enabled","adv-header-id-meta":"","stick-header-meta":"","header-above-stick-meta":"","header-main-stick-meta":"","header-below-stick-meta":"","astra-migrate-meta-layouts":"set","ast-page-background-enabled":"default","ast-page-background-meta":{"desktop":{"background-color":"","background-image":"","background-repeat":"repeat","background-position":"center center","background-size":"auto","background-attachment":"scroll","background-type":"","background-media":"","overlay-type":"","overlay-color":"","overlay-opacity":"","overlay-gradient":""},"tablet":{"background-color":"","background-image":"","background-repeat":"repeat","background-position":"center center","background-size":"auto","background-attachment":"scroll","background-type":"","background-media":"","overlay-type":"","overlay-color":"","overlay-opacity":"","overlay-gradient":""},"mobile":{"background-color":"","background-image":"","background-repeat":"repeat","background-position":"center center","background-size":"auto","background-attachment":"scroll","background-type":"","background-media":"","overlay-type":"","overlay-color":"","overlay-opacity":"","overlay-gradient":""}},"ast-content-background-meta":{"desktop":{"background-color":"var(--ast-global-color-5)","background-image":"","background-repeat":"repeat","background-position":"center center","background-size":"auto","background-attachment":"scroll","background-type":"","background-media":"","overlay-type":"","overlay-color":"","overlay-opacity":"","overlay-gradient":""},"tablet":{"background-color":"var(--ast-global-color-5)","background-image":"","background-repeat":"repeat","background-position":"center center","background-size":"auto","background-attachment":"scroll","background-type":"","background-media":"","overlay-type":"","overlay-color":"","overlay-opacity":"","overlay-gradient":""},"mobile":{"background-color":"var(--ast-global-color-5)","background-image":"","background-repeat":"repeat","background-position":"center center","background-size":"auto","background-attachment":"scroll","background-type":"","background-media":"","overlay-type":"","overlay-color":"","overlay-opacity":"","overlay-gradient":""}},"footnotes":""},"class_list":["post-17","page","type-page","status-publish","has-post-thumbnail","hentry"],"_links":{"self":[{"href":"https:\/\/bluexperiences.pt\/es\/wp-json\/wp\/v2\/pages\/17","targetHints":{"allow":["GET"]}}],"collection":[{"href":"https:\/\/bluexperiences.pt\/es\/wp-json\/wp\/v2\/pages"}],"about":[{"href":"https:\/\/bluexperiences.pt\/es\/wp-json\/wp\/v2\/types\/page"}],"author":[{"embeddable":true,"href":"https:\/\/bluexperiences.pt\/es\/wp-json\/wp\/v2\/users\/3"}],"replies":[{"embeddable":true,"href":"https:\/\/bluexperiences.pt\/es\/wp-json\/wp\/v2\/comments?post=17"}],"version-history":[{"count":149,"href":"https:\/\/bluexperiences.pt\/es\/wp-json\/wp\/v2\/pages\/17\/revisions"}],"predecessor-version":[{"id":4557,"href":"https:\/\/bluexperiences.pt\/es\/wp-json\/wp\/v2\/pages\/17\/revisions\/4557"}],"wp:featuredmedia":[{"embeddable":true,"href":"https:\/\/bluexperiences.pt\/es\/wp-json\/wp\/v2\/media\/4319"}],"wp:attachment":[{"href":"https:\/\/bluexperiences.pt\/es\/wp-json\/wp\/v2\/media?parent=17"}],"curies":[{"name":"wp","href":"https:\/\/api.w.org\/{rel}","templated":true}]}}