{"id":17,"date":"2018-11-26T12:45:57","date_gmt":"2018-11-26T12:45:57","guid":{"rendered":"https:\/\/bluexperiences.pt\/index.php\/about\/"},"modified":"2025-04-16T06:31:09","modified_gmt":"2025-04-16T06:31:09","slug":"about","status":"publish","type":"page","link":"https:\/\/bluexperiences.pt\/fr\/about\/","title":{"rendered":"Sur"},"content":{"rendered":"<div data-elementor-type=\"wp-post\" data-elementor-id=\"17\" class=\"elementor elementor-17\" data-elementor-post-type=\"page\">\n\t\t\t\t<div class=\"elementor-element elementor-element-8f7d83a e-flex e-con-boxed e-con e-parent\" data-id=\"8f7d83a\" data-element_type=\"container\" data-e-type=\"container\" data-settings=\"{&quot;background_background&quot;:&quot;classic&quot;}\">\n\t\t\t\t\t<div class=\"e-con-inner\">\n\t\t<div class=\"elementor-element elementor-element-83100f6 e-con-full e-flex e-con e-child\" data-id=\"83100f6\" data-element_type=\"container\" data-e-type=\"container\">\n\t\t\t\t<div class=\"elementor-element elementor-element-2d3a0c4 elementor-widget elementor-widget-heading\" data-id=\"2d3a0c4\" data-element_type=\"widget\" data-e-type=\"widget\" data-widget_type=\"heading.default\">\n\t\t\t\t<div class=\"elementor-widget-container\">\n\t\t\t\t\t<h5 class=\"elementor-heading-title elementor-size-default\">\u00c0 PROPOS DE NOUS\n<\/h5>\t\t\t\t<\/div>\n\t\t\t\t<\/div>\n\t\t\t\t<div class=\"elementor-element elementor-element-68928d8 elementor-widget elementor-widget-heading\" data-id=\"68928d8\" data-element_type=\"widget\" data-e-type=\"widget\" data-widget_type=\"heading.default\">\n\t\t\t\t<div class=\"elementor-widget-container\">\n\t\t\t\t\t<h1 class=\"elementor-heading-title elementor-size-default\">BLUE XPERIENCES<\/h1>\t\t\t\t<\/div>\n\t\t\t\t<\/div>\n\t\t\t\t<div class=\"elementor-element elementor-element-f2189e4 elementor-widget elementor-widget-heading\" data-id=\"f2189e4\" data-element_type=\"widget\" data-e-type=\"widget\" data-widget_type=\"heading.default\">\n\t\t\t\t<div class=\"elementor-widget-container\">\n\t\t\t\t\t<h4 class=\"elementor-heading-title elementor-size-default\">Tourisme de nature et d'aventure en Algarve<\/h4>\t\t\t\t<\/div>\n\t\t\t\t<\/div>\n\t\t\t\t<div class=\"elementor-element elementor-element-26de05f elementor-widget elementor-widget-button\" data-id=\"26de05f\" data-element_type=\"widget\" data-e-type=\"widget\" data-widget_type=\"button.default\">\n\t\t\t\t<div class=\"elementor-widget-container\">\n\t\t\t\t\t\t\t\t\t<div class=\"elementor-button-wrapper\">\n\t\t\t\t\t<a class=\"elementor-button elementor-button-link elementor-size-sm\" href=\"https:\/\/fareharbor.com\/embeds\/book\/bluexperiences\/?full-items=yes&#038;flow=398461\" id=\"exclude\">\n\t\t\t\t\t\t<span class=\"elementor-button-content-wrapper\">\n\t\t\t\t\t\t\t\t\t<span class=\"elementor-button-text\">Reserve<\/span>\n\t\t\t\t\t<\/span>\n\t\t\t\t\t<\/a>\n\t\t\t\t<\/div>\n\t\t\t\t\t\t\t\t<\/div>\n\t\t\t\t<\/div>\n\t\t\t\t<\/div>\n\t\t\t\t\t<\/div>\n\t\t\t\t<\/div>\n\t\t<div class=\"elementor-element elementor-element-8fe159f e-flex e-con-boxed e-con e-parent\" data-id=\"8fe159f\" data-element_type=\"container\" data-e-type=\"container\">\n\t\t\t\t\t<div class=\"e-con-inner\">\n\t\t<div class=\"elementor-element elementor-element-3fd3937 e-con-full e-flex e-con e-child\" data-id=\"3fd3937\" data-element_type=\"container\" data-e-type=\"container\" data-settings=\"{&quot;background_background&quot;:&quot;classic&quot;}\">\n\t\t<div class=\"elementor-element elementor-element-30ee670 e-con-full e-flex e-con e-child\" data-id=\"30ee670\" data-element_type=\"container\" data-e-type=\"container\">\n\t\t<div class=\"elementor-element elementor-element-bac67d6 e-con-full e-flex e-con e-child\" data-id=\"bac67d6\" data-element_type=\"container\" data-e-type=\"container\" data-settings=\"{&quot;background_background&quot;:&quot;classic&quot;}\">\n\t\t\t\t<\/div>\n\t\t<div class=\"elementor-element elementor-element-9316d89 e-con-full e-flex e-con e-child\" data-id=\"9316d89\" data-element_type=\"container\" data-e-type=\"container\">\n\t\t\t\t<div class=\"elementor-element elementor-element-3cb5af9 elementor-widget elementor-widget-heading\" data-id=\"3cb5af9\" data-element_type=\"widget\" data-e-type=\"widget\" data-widget_type=\"heading.default\">\n\t\t\t\t<div class=\"elementor-widget-container\">\n\t\t\t\t\t<h5 class=\"elementor-heading-title elementor-size-default\">Une \u00e9quipe qui vous inspire de l'aventure<\/h5>\t\t\t\t<\/div>\n\t\t\t\t<\/div>\n\t\t\t\t<div class=\"elementor-element elementor-element-6600a79 elementor-widget elementor-widget-heading\" data-id=\"6600a79\" data-element_type=\"widget\" data-e-type=\"widget\" data-widget_type=\"heading.default\">\n\t\t\t\t<div class=\"elementor-widget-container\">\n\t\t\t\t\t<h2 class=\"elementor-heading-title elementor-size-default\">Rencontrez les Blue Xperiences<\/h2>\t\t\t\t<\/div>\n\t\t\t\t<\/div>\n\t\t\t\t<div class=\"elementor-element elementor-element-7d64944 elementor-widget elementor-widget-text-editor\" data-id=\"7d64944\" data-element_type=\"widget\" data-e-type=\"widget\" data-widget_type=\"text-editor.default\">\n\t\t\t\t<div class=\"elementor-widget-container\">\n\t\t\t\t\t\t\t\t\t<p>Blue Xperiences SUP &amp; SURF est plus qu'une entreprise : c'est une passion partag\u00e9e par une famille qui voit le meilleur de ce que l'Algarve, au Portugal, a \u00e0 offrir. Guid\u00e9s par l'amour du soleil radieux, des plages magnifiques, du temps chaud, du vaste oc\u00e9an et de la pr\u00e9sence chaleureuse de personnes extraordinaires, nous consacrons notre travail \u00e0 offrir des exp\u00e9riences uniques et m\u00e9morables.<br \/>Notre base est strat\u00e9giquement situ\u00e9e \u00e0 Arma\u00e7\u00e3o de P\u00eara, l'une des destinations les plus visit\u00e9es de l'Algarve. Cette charmante localit\u00e9 abrite une magnifique baie qui est un v\u00e9ritable tr\u00e9sor du sud du Portugal. La plage d'Arma\u00e7\u00e3o de P\u00eara est un joyau baign\u00e9 par l'Atlantique, m\u00e9ritant la prestigieuse distinction or en qualit\u00e9.<br \/><br \/><\/p>\t\t\t\t\t\t\t\t<\/div>\n\t\t\t\t<\/div>\n\t\t\t\t<\/div>\n\t\t\t\t<\/div>\n\t\t<div class=\"elementor-element elementor-element-71eac6d e-con-full e-flex e-con e-child\" data-id=\"71eac6d\" data-element_type=\"container\" data-e-type=\"container\">\n\t\t<div class=\"elementor-element elementor-element-ecda35c e-con-full e-flex e-con e-child\" data-id=\"ecda35c\" data-element_type=\"container\" data-e-type=\"container\">\n\t\t\t\t<div class=\"elementor-element elementor-element-13048f1 elementor-widget elementor-widget-text-editor\" data-id=\"13048f1\" data-element_type=\"widget\" data-e-type=\"widget\" data-widget_type=\"text-editor.default\">\n\t\t\t\t<div class=\"elementor-widget-container\">\n\t\t\t\t\t\t\t\t\t<p>Chez Blue Xperiences, notre objectif est d'aller au-del\u00e0 des simples activit\u00e9s nautiques. Nous souhaitons que chaque client s'immerge non seulement dans les eaux rafra\u00eechissantes de l'oc\u00e9an, mais \u00e9galement dans la culture, l'hospitalit\u00e9 et la beaut\u00e9 naturelle qui font de l'Algarve une destination si sp\u00e9ciale. Nous offrons non seulement l'opportunit\u00e9 de pratiquer le stand-up paddle (SUP) et le surf, mais aussi une exp\u00e9rience compl\u00e8te qui c\u00e9l\u00e8bre l'essence de cette r\u00e9gion unique.<br \/>Notre \u00e9quipe est compos\u00e9e de passionn\u00e9s locaux passionn\u00e9s par la mer et la vie en plein air. Nous nous engageons \u00e0 partager notre joie et nos connaissances, en veillant \u00e0 ce que tous ceux qui choisissent Blue Xperiences repartent non seulement avec des comp\u00e9tences aquatiques am\u00e9lior\u00e9es, mais aussi avec des souvenirs inoubliables.<\/p><p>Que vous soyez un d\u00e9butant enthousiaste faisant ses premiers pas sur la planche ou un v\u00e9t\u00e9ran des vagues \u00e0 la recherche de nouveaux d\u00e9fis, Blue Xperiences a quelque chose de sp\u00e9cial \u00e0 offrir \u00e0 chacun. Rejoignez-nous et d\u00e9couvrez l'Algarve d'une mani\u00e8re unique, o\u00f9 le soleil, les plages, la m\u00e9t\u00e9o, la mer et des gens extraordinaires se fondent dans une exp\u00e9rience v\u00e9ritablement bleue.<br \/>Nous incitons nos clients \u00e0 s'aventurer au-del\u00e0 des limites conventionnelles, en les invitant \u00e0 d\u00e9couvrir l'Algarve d'une mani\u00e8re inattendue, accompagn\u00e9s de guides locaux passionn\u00e9s et comp\u00e9tents. Chez Blue Xperiences, nous pensons que la vraie beaut\u00e9 r\u00e9side dans les d\u00e9tails et les histoires qui donnent vie \u00e0 chaque lieu.<br \/>Nos exp\u00e9riences de Stand-Up Paddle (SUP) et de Kayak dans les c\u00e9l\u00e8bres grottes de Benagil sont vraiment uniques. Sous la direction attentive de nos guides locaux exp\u00e9riment\u00e9s, les participants explorent non seulement les eaux cristallines, mais d\u00e9couvrent \u00e9galement l'observation fascinante des fossiles et la morphologie c\u00f4ti\u00e8re qui ont fa\u00e7onn\u00e9 cette magnifique partie de la c\u00f4te de l'Algarve. La g\u00e9ologie prend vie au fur et \u00e0 mesure que nous parcourons les grottes et r\u00e9v\u00e9lons les secrets cach\u00e9s des formations rocheuses qui racontent l'histoire mill\u00e9naire de ce lieu enchanteur.<\/p>\t\t\t\t\t\t\t\t<\/div>\n\t\t\t\t<\/div>\n\t\t\t\t<\/div>\n\t\t\t\t<\/div>\n\t\t<div class=\"elementor-element elementor-element-ac33caa e-con-full e-flex e-con e-child\" data-id=\"ac33caa\" data-element_type=\"container\" data-e-type=\"container\">\n\t\t<div class=\"elementor-element elementor-element-eba4dca e-con-full e-flex e-con e-child\" data-id=\"eba4dca\" data-element_type=\"container\" data-e-type=\"container\">\n\t\t\t\t<div class=\"elementor-element elementor-element-1a5f98b elementor-widget elementor-widget-text-editor\" data-id=\"1a5f98b\" data-element_type=\"widget\" data-e-type=\"widget\" data-widget_type=\"text-editor.default\">\n\t\t\t\t<div class=\"elementor-widget-container\">\n\t\t\t\t\t\t\t\t\t<p>Nos cours de surf sur la plage d'Arma\u00e7\u00e3o de P\u00eara sont une exp\u00e9rience passionnante pour les amoureux de l'oc\u00e9an. Sous la direction d'instructeurs exp\u00e9riment\u00e9s, les participants plongent dans le monde passionnant du surf, apprenant non seulement les techniques essentielles, mais acqu\u00e9rant \u00e9galement une compr\u00e9hension plus approfondie des mar\u00e9es, des courants et des rythmes de l'Atlantique. Chaque vague devient l\u2019occasion de perfectionner ses comp\u00e9tences et de cr\u00e9er des souvenirs qui r\u00e9sonneront pour toujours.<br \/>En plus des activit\u00e9s nautiques, notre engagement en faveur de l'\u00e9ducation environnementale et culturelle est \u00e9vident \u00e0 chaque instant de nos exp\u00e9riences. Nous valorisons non seulement le plaisir et l'excitation, mais aussi la connaissance et le respect de l'environnement. En choisissant Blue Xperiences, les clients s'aventurent non seulement dans les eaux de l'Algarve, mais deviennent \u00e9galement des explorateurs conscients, contribuant \u00e0 la pr\u00e9servation de ce tr\u00e9sor naturel pour les g\u00e9n\u00e9rations futures.<br \/>Venez nous rejoindre \u00e0 Blue Xperiences SUP &amp; SURF et laissez-vous captiver par la beaut\u00e9, l'histoire et l'authenticit\u00e9 de l'Algarve. Dans chaque pagaie, dans chaque vague, d\u00e9couvrez une Algarve qui d\u00e9passe toutes les attentes, transformant chaque visite en une exp\u00e9rience vraiment m\u00e9morable.<\/p>\t\t\t\t\t\t\t\t<\/div>\n\t\t\t\t<\/div>\n\t\t\t\t<\/div>\n\t\t<div class=\"elementor-element elementor-element-ca709e7 e-con-full e-flex e-con e-child\" data-id=\"ca709e7\" data-element_type=\"container\" data-e-type=\"container\" data-settings=\"{&quot;background_background&quot;:&quot;classic&quot;}\">\n\t\t\t\t<\/div>\n\t\t\t\t<\/div>\n\t\t\t\t<\/div>\n\t\t\t\t\t<\/div>\n\t\t\t\t<\/div>\n\t\t<div class=\"elementor-element elementor-element-6233e62 e-flex e-con-boxed e-con e-parent\" data-id=\"6233e62\" data-element_type=\"container\" data-e-type=\"container\" data-settings=\"{&quot;background_background&quot;:&quot;classic&quot;}\">\n\t\t\t\t\t<div class=\"e-con-inner\">\n\t\t<div class=\"elementor-element elementor-element-e4d216e e-con-full e-flex e-con e-child\" data-id=\"e4d216e\" data-element_type=\"container\" data-e-type=\"container\">\n\t\t\t\t<\/div>\n\t\t\t\t\t<\/div>\n\t\t\t\t<\/div>\n\t\t\t\t<\/div>","protected":false},"excerpt":{"rendered":"<p>ABOUT US BLUE XPERIENCES Nature and Adventure Tourism in the Algarve Book Now A team that inspires you from the adventure Meet the Blue Xperiences Blue Xperiences SUP &amp; SURF is more than a company &#8211; it is a passion shared by a family that sees the best that the Algarve, Portugal, has to offer. [&hellip;]<\/p>\n","protected":false},"author":3,"featured_media":4319,"parent":0,"menu_order":0,"comment_status":"closed","ping_status":"closed","template":"","meta":{"_seopress_robots_primary_cat":"","_seopress_titles_title":"","_seopress_titles_desc":"Discover Blue Xperiences: Dive into Algarve adventures with SUP, surfing, kayaking, and cave explorations. Unforgettable experiences await!","_seopress_robots_index":"","site-sidebar-layout":"no-sidebar","site-content-layout":"page-builder","ast-site-content-layout":"full-width-container","site-content-style":"unboxed","site-sidebar-style":"unboxed","ast-global-header-display":"","ast-banner-title-visibility":"","ast-main-header-display":"","ast-hfb-above-header-display":"","ast-hfb-below-header-display":"","ast-hfb-mobile-header-display":"","site-post-title":"disabled","ast-breadcrumbs-content":"","ast-featured-img":"disabled","footer-sml-layout":"","ast-disable-related-posts":"","theme-transparent-header-meta":"enabled","adv-header-id-meta":"","stick-header-meta":"","header-above-stick-meta":"","header-main-stick-meta":"","header-below-stick-meta":"","astra-migrate-meta-layouts":"set","ast-page-background-enabled":"default","ast-page-background-meta":{"desktop":{"background-color":"","background-image":"","background-repeat":"repeat","background-position":"center center","background-size":"auto","background-attachment":"scroll","background-type":"","background-media":"","overlay-type":"","overlay-color":"","overlay-opacity":"","overlay-gradient":""},"tablet":{"background-color":"","background-image":"","background-repeat":"repeat","background-position":"center center","background-size":"auto","background-attachment":"scroll","background-type":"","background-media":"","overlay-type":"","overlay-color":"","overlay-opacity":"","overlay-gradient":""},"mobile":{"background-color":"","background-image":"","background-repeat":"repeat","background-position":"center center","background-size":"auto","background-attachment":"scroll","background-type":"","background-media":"","overlay-type":"","overlay-color":"","overlay-opacity":"","overlay-gradient":""}},"ast-content-background-meta":{"desktop":{"background-color":"var(--ast-global-color-5)","background-image":"","background-repeat":"repeat","background-position":"center center","background-size":"auto","background-attachment":"scroll","background-type":"","background-media":"","overlay-type":"","overlay-color":"","overlay-opacity":"","overlay-gradient":""},"tablet":{"background-color":"var(--ast-global-color-5)","background-image":"","background-repeat":"repeat","background-position":"center center","background-size":"auto","background-attachment":"scroll","background-type":"","background-media":"","overlay-type":"","overlay-color":"","overlay-opacity":"","overlay-gradient":""},"mobile":{"background-color":"var(--ast-global-color-5)","background-image":"","background-repeat":"repeat","background-position":"center center","background-size":"auto","background-attachment":"scroll","background-type":"","background-media":"","overlay-type":"","overlay-color":"","overlay-opacity":"","overlay-gradient":""}},"footnotes":""},"class_list":["post-17","page","type-page","status-publish","has-post-thumbnail","hentry"],"_links":{"self":[{"href":"https:\/\/bluexperiences.pt\/fr\/wp-json\/wp\/v2\/pages\/17","targetHints":{"allow":["GET"]}}],"collection":[{"href":"https:\/\/bluexperiences.pt\/fr\/wp-json\/wp\/v2\/pages"}],"about":[{"href":"https:\/\/bluexperiences.pt\/fr\/wp-json\/wp\/v2\/types\/page"}],"author":[{"embeddable":true,"href":"https:\/\/bluexperiences.pt\/fr\/wp-json\/wp\/v2\/users\/3"}],"replies":[{"embeddable":true,"href":"https:\/\/bluexperiences.pt\/fr\/wp-json\/wp\/v2\/comments?post=17"}],"version-history":[{"count":149,"href":"https:\/\/bluexperiences.pt\/fr\/wp-json\/wp\/v2\/pages\/17\/revisions"}],"predecessor-version":[{"id":4557,"href":"https:\/\/bluexperiences.pt\/fr\/wp-json\/wp\/v2\/pages\/17\/revisions\/4557"}],"wp:featuredmedia":[{"embeddable":true,"href":"https:\/\/bluexperiences.pt\/fr\/wp-json\/wp\/v2\/media\/4319"}],"wp:attachment":[{"href":"https:\/\/bluexperiences.pt\/fr\/wp-json\/wp\/v2\/media?parent=17"}],"curies":[{"name":"wp","href":"https:\/\/api.w.org\/{rel}","templated":true}]}}