{"id":17,"date":"2018-11-26T12:45:57","date_gmt":"2018-11-26T12:45:57","guid":{"rendered":"https:\/\/bluexperiences.pt\/index.php\/about\/"},"modified":"2025-04-16T06:31:09","modified_gmt":"2025-04-16T06:31:09","slug":"about","status":"publish","type":"page","link":"https:\/\/bluexperiences.pt\/pt\/sobre-nos\/","title":{"rendered":"Sobre"},"content":{"rendered":"<div data-elementor-type=\"wp-post\" data-elementor-id=\"17\" class=\"elementor elementor-17\" data-elementor-post-type=\"page\">\n\t\t\t\t<div class=\"elementor-element elementor-element-8f7d83a e-flex e-con-boxed e-con e-parent\" data-id=\"8f7d83a\" data-element_type=\"container\" data-e-type=\"container\" data-settings=\"{&quot;background_background&quot;:&quot;classic&quot;}\">\n\t\t\t\t\t<div class=\"e-con-inner\">\n\t\t<div class=\"elementor-element elementor-element-83100f6 e-con-full e-flex e-con e-child\" data-id=\"83100f6\" data-element_type=\"container\" data-e-type=\"container\">\n\t\t\t\t<div class=\"elementor-element elementor-element-2d3a0c4 elementor-widget elementor-widget-heading\" data-id=\"2d3a0c4\" data-element_type=\"widget\" data-e-type=\"widget\" data-widget_type=\"heading.default\">\n\t\t\t\t<div class=\"elementor-widget-container\">\n\t\t\t\t\t<h5 class=\"elementor-heading-title elementor-size-default\">SOBRE N\u00d3S\n<\/h5>\t\t\t\t<\/div>\n\t\t\t\t<\/div>\n\t\t\t\t<div class=\"elementor-element elementor-element-68928d8 elementor-widget elementor-widget-heading\" data-id=\"68928d8\" data-element_type=\"widget\" data-e-type=\"widget\" data-widget_type=\"heading.default\">\n\t\t\t\t<div class=\"elementor-widget-container\">\n\t\t\t\t\t<h1 class=\"elementor-heading-title elementor-size-default\">BLUE XPERIENCES<\/h1>\t\t\t\t<\/div>\n\t\t\t\t<\/div>\n\t\t\t\t<div class=\"elementor-element elementor-element-f2189e4 elementor-widget elementor-widget-heading\" data-id=\"f2189e4\" data-element_type=\"widget\" data-e-type=\"widget\" data-widget_type=\"heading.default\">\n\t\t\t\t<div class=\"elementor-widget-container\">\n\t\t\t\t\t<h4 class=\"elementor-heading-title elementor-size-default\">Turismo de Natureza e Aventura\u00a0no\u00a0Algarve<\/h4>\t\t\t\t<\/div>\n\t\t\t\t<\/div>\n\t\t\t\t<div class=\"elementor-element elementor-element-26de05f elementor-widget elementor-widget-button\" data-id=\"26de05f\" data-element_type=\"widget\" data-e-type=\"widget\" data-widget_type=\"button.default\">\n\t\t\t\t<div class=\"elementor-widget-container\">\n\t\t\t\t\t\t\t\t\t<div class=\"elementor-button-wrapper\">\n\t\t\t\t\t<a class=\"elementor-button elementor-button-link elementor-size-sm\" href=\"https:\/\/fareharbor.com\/embeds\/book\/bluexperiences\/?full-items=yes&#038;flow=398461\" id=\"exclude\">\n\t\t\t\t\t\t<span class=\"elementor-button-content-wrapper\">\n\t\t\t\t\t\t\t\t\t<span class=\"elementor-button-text\">Reservar<\/span>\n\t\t\t\t\t<\/span>\n\t\t\t\t\t<\/a>\n\t\t\t\t<\/div>\n\t\t\t\t\t\t\t\t<\/div>\n\t\t\t\t<\/div>\n\t\t\t\t<\/div>\n\t\t\t\t\t<\/div>\n\t\t\t\t<\/div>\n\t\t<div class=\"elementor-element elementor-element-8fe159f e-flex e-con-boxed e-con e-parent\" data-id=\"8fe159f\" data-element_type=\"container\" data-e-type=\"container\">\n\t\t\t\t\t<div class=\"e-con-inner\">\n\t\t<div class=\"elementor-element elementor-element-3fd3937 e-con-full e-flex e-con e-child\" data-id=\"3fd3937\" data-element_type=\"container\" data-e-type=\"container\" data-settings=\"{&quot;background_background&quot;:&quot;classic&quot;}\">\n\t\t<div class=\"elementor-element elementor-element-30ee670 e-con-full e-flex e-con e-child\" data-id=\"30ee670\" data-element_type=\"container\" data-e-type=\"container\">\n\t\t<div class=\"elementor-element elementor-element-bac67d6 e-con-full e-flex e-con e-child\" data-id=\"bac67d6\" data-element_type=\"container\" data-e-type=\"container\" data-settings=\"{&quot;background_background&quot;:&quot;classic&quot;}\">\n\t\t\t\t<\/div>\n\t\t<div class=\"elementor-element elementor-element-9316d89 e-con-full e-flex e-con e-child\" data-id=\"9316d89\" data-element_type=\"container\" data-e-type=\"container\">\n\t\t\t\t<div class=\"elementor-element elementor-element-3cb5af9 elementor-widget elementor-widget-heading\" data-id=\"3cb5af9\" data-element_type=\"widget\" data-e-type=\"widget\" data-widget_type=\"heading.default\">\n\t\t\t\t<div class=\"elementor-widget-container\">\n\t\t\t\t\t<h5 class=\"elementor-heading-title elementor-size-default\">Uma equipa que o inspira a partir \u00e0 aventura<\/h5>\t\t\t\t<\/div>\n\t\t\t\t<\/div>\n\t\t\t\t<div class=\"elementor-element elementor-element-6600a79 elementor-widget elementor-widget-heading\" data-id=\"6600a79\" data-element_type=\"widget\" data-e-type=\"widget\" data-widget_type=\"heading.default\">\n\t\t\t\t<div class=\"elementor-widget-container\">\n\t\t\t\t\t<h2 class=\"elementor-heading-title elementor-size-default\">Conhe\u00e7a a Blue Xperiences<\/h2>\t\t\t\t<\/div>\n\t\t\t\t<\/div>\n\t\t\t\t<div class=\"elementor-element elementor-element-7d64944 elementor-widget elementor-widget-text-editor\" data-id=\"7d64944\" data-element_type=\"widget\" data-e-type=\"widget\" data-widget_type=\"text-editor.default\">\n\t\t\t\t<div class=\"elementor-widget-container\">\n\t\t\t\t\t\t\t\t\t<p>A Blue Xperiences SUP &amp; SURF \u00e9 mais do que uma empresa \u2013 \u00e9 uma paix\u00e3o partilhada por uma fam\u00edlia que v\u00ea o que de melhor o Algarve, Portugal, tem para oferecer. Guiados pelo amor ao sol radiante, \u00e0s praias deslumbrantes, ao clima quente, ao vasto oceano e \u00e0 presen\u00e7a calorosa de pessoas incr\u00edveis, dedicamos o nosso trabalho a proporcionar experi\u00eancias \u00fanicas e memor\u00e1veis.<br \/>A nossa base est\u00e1 estrategicamente localizada em Arma\u00e7\u00e3o de P\u00eara, um dos destinos mais visitados do Algarve. Esta encantadora localidade alberga uma magn\u00edfica ba\u00eda que \u00e9 um verdadeiro tesouro do sul de Portugal. A praia de Arma\u00e7\u00e3o de P\u00eara \u00e9 uma j\u00f3ia banhada pelo Atl\u00e2ntico, merecedora da prestigiada distin\u00e7\u00e3o ouro em qualidade.<br \/><br \/><\/p>\t\t\t\t\t\t\t\t<\/div>\n\t\t\t\t<\/div>\n\t\t\t\t<\/div>\n\t\t\t\t<\/div>\n\t\t<div class=\"elementor-element elementor-element-71eac6d e-con-full e-flex e-con e-child\" data-id=\"71eac6d\" data-element_type=\"container\" data-e-type=\"container\">\n\t\t<div class=\"elementor-element elementor-element-ecda35c e-con-full e-flex e-con e-child\" data-id=\"ecda35c\" data-element_type=\"container\" data-e-type=\"container\">\n\t\t\t\t<div class=\"elementor-element elementor-element-13048f1 elementor-widget elementor-widget-text-editor\" data-id=\"13048f1\" data-element_type=\"widget\" data-e-type=\"widget\" data-widget_type=\"text-editor.default\">\n\t\t\t\t<div class=\"elementor-widget-container\">\n\t\t\t\t\t\t\t\t\t<p>Na Blue Xperiences pretendemos ir al\u00e9m das simples atividades aqu\u00e1ticas. Queremos que cada cliente mergulhe n\u00e3o s\u00f3 nas \u00e1guas refrescantes do oceano, mas tamb\u00e9m na cultura, hospitalidade e beleza natural que fazem do Algarve um destino t\u00e3o especial. Oferecemos n\u00e3o apenas uma oportunidade de praticar stand-up paddle (SUP) e surf, mas uma experi\u00eancia completa que celebra a ess\u00eancia desta regi\u00e3o \u00fanica.<br \/>A nossa equipa \u00e9 composta por entusiastas locais apaixonados pelo mar e pela vida ao ar livre. Estamos empenhados em partilhar a nossa alegria e conhecimento, garantindo que todos os que escolhem o Blue Xperiences levam consigo n\u00e3o s\u00f3 compet\u00eancias aqu\u00e1ticas melhoradas, mas tamb\u00e9m mem\u00f3rias inesquec\u00edveis.<\/p><p>Quer voc\u00ea seja um iniciante ansioso dando os primeiros passos na prancha ou um veterano das ondas em busca de novos desafios, a Blue Xperiences tem algo especial para oferecer a todos. Junte-se a n\u00f3s e descubra o Algarve de uma forma \u00fanica, onde o sol, as praias, o clima, o mar e as pessoas incr\u00edveis se fundem numa experi\u00eancia verdadeiramente azul.<br \/>Inspiramos os nossos clientes a aventurarem-se al\u00e9m dos limites convencionais, convidando-os a descobrir o Algarve de uma forma inesperada, acompanhados por guias locais apaixonados e conhecedores. Na Blue Xperiences acreditamos que a verdadeira beleza est\u00e1 nos detalhes e nas hist\u00f3rias que d\u00e3o vida a cada lugar.<br \/>As nossas experi\u00eancias de Stand-Up Paddle (SUP) e Kayak nas famosas Grutas de Benagil s\u00e3o verdadeiramente \u00fanicas. Sob a orienta\u00e7\u00e3o cuidadosa dos nossos experientes guias locais, os participantes exploram n\u00e3o s\u00f3 as \u00e1guas cristalinas, mas tamb\u00e9m aprendem sobre a fascinante observa\u00e7\u00e3o de f\u00f3sseis e a morfologia costeira que moldaram este deslumbrante trecho da costa algarvia. A geologia ganha vida \u00e0 medida que navegamos pelas cavernas e revelamos os segredos ocultos das forma\u00e7\u00f5es rochosas que contam a hist\u00f3ria milenar deste lugar encantador.<\/p>\t\t\t\t\t\t\t\t<\/div>\n\t\t\t\t<\/div>\n\t\t\t\t<\/div>\n\t\t\t\t<\/div>\n\t\t<div class=\"elementor-element elementor-element-ac33caa e-con-full e-flex e-con e-child\" data-id=\"ac33caa\" data-element_type=\"container\" data-e-type=\"container\">\n\t\t<div class=\"elementor-element elementor-element-eba4dca e-con-full e-flex e-con e-child\" data-id=\"eba4dca\" data-element_type=\"container\" data-e-type=\"container\">\n\t\t\t\t<div class=\"elementor-element elementor-element-1a5f98b elementor-widget elementor-widget-text-editor\" data-id=\"1a5f98b\" data-element_type=\"widget\" data-e-type=\"widget\" data-widget_type=\"text-editor.default\">\n\t\t\t\t<div class=\"elementor-widget-container\">\n\t\t\t\t\t\t\t\t\t<p>As nossas aulas de Surf na Praia de Arma\u00e7\u00e3o de P\u00eara s\u00e3o uma experi\u00eancia emocionante para os amantes do oceano. Sob a orienta\u00e7\u00e3o de instrutores experientes, os participantes mergulham no emocionante mundo do surf, aprendendo n\u00e3o s\u00f3 t\u00e9cnicas essenciais, mas tamb\u00e9m adquirindo uma compreens\u00e3o mais profunda das mar\u00e9s, correntes e ritmos do Atl\u00e2ntico. Cada onda se torna uma oportunidade para aprimorar habilidades e criar mem\u00f3rias que ecoar\u00e3o para sempre.<br \/>Al\u00e9m das atividades aqu\u00e1ticas, nosso compromisso com a educa\u00e7\u00e3o ambiental e cultural fica evidente em cada momento de nossas experi\u00eancias. Valorizamos n\u00e3o apenas divers\u00e3o e emo\u00e7\u00e3o, mas tamb\u00e9m conhecimento e respeito pelo meio ambiente. Ao escolher a Blue Xperiences, os clientes n\u00e3o s\u00f3 se aventuram nas \u00e1guas do Algarve como se tornam exploradores conscientes, contribuindo para a preserva\u00e7\u00e3o deste tesouro natural para as gera\u00e7\u00f5es futuras.<br \/>Venha juntar-se a n\u00f3s no Blue Xperiences SUP &amp; SURF e deixe-se cativar pela beleza, hist\u00f3ria e autenticidade do Algarve. Em cada remo, em cada onda, descubra um Algarve que supera as expectativas, transformando cada visita numa experi\u00eancia verdadeiramente memor\u00e1vel.<\/p>\t\t\t\t\t\t\t\t<\/div>\n\t\t\t\t<\/div>\n\t\t\t\t<\/div>\n\t\t<div class=\"elementor-element elementor-element-ca709e7 e-con-full e-flex e-con e-child\" data-id=\"ca709e7\" data-element_type=\"container\" data-e-type=\"container\" data-settings=\"{&quot;background_background&quot;:&quot;classic&quot;}\">\n\t\t\t\t<\/div>\n\t\t\t\t<\/div>\n\t\t\t\t<\/div>\n\t\t\t\t\t<\/div>\n\t\t\t\t<\/div>\n\t\t<div class=\"elementor-element elementor-element-6233e62 e-flex e-con-boxed e-con e-parent\" data-id=\"6233e62\" data-element_type=\"container\" data-e-type=\"container\" data-settings=\"{&quot;background_background&quot;:&quot;classic&quot;}\">\n\t\t\t\t\t<div class=\"e-con-inner\">\n\t\t<div class=\"elementor-element elementor-element-e4d216e e-con-full e-flex e-con e-child\" data-id=\"e4d216e\" data-element_type=\"container\" data-e-type=\"container\">\n\t\t\t\t<\/div>\n\t\t\t\t\t<\/div>\n\t\t\t\t<\/div>\n\t\t\t\t<\/div>","protected":false},"excerpt":{"rendered":"<p>ABOUT US BLUE XPERIENCES Nature and Adventure Tourism in the Algarve Book Now A team that inspires you from the adventure Meet the Blue Xperiences Blue Xperiences SUP &amp; SURF is more than a company &#8211; it is a passion shared by a family that sees the best that the Algarve, Portugal, has to offer. [&hellip;]<\/p>\n","protected":false},"author":3,"featured_media":4319,"parent":0,"menu_order":0,"comment_status":"closed","ping_status":"closed","template":"","meta":{"_seopress_robots_primary_cat":"","_seopress_titles_title":"","_seopress_titles_desc":"Discover Blue Xperiences: Dive into Algarve adventures with SUP, surfing, kayaking, and cave explorations. Unforgettable experiences await!","_seopress_robots_index":"","site-sidebar-layout":"no-sidebar","site-content-layout":"page-builder","ast-site-content-layout":"full-width-container","site-content-style":"unboxed","site-sidebar-style":"unboxed","ast-global-header-display":"","ast-banner-title-visibility":"","ast-main-header-display":"","ast-hfb-above-header-display":"","ast-hfb-below-header-display":"","ast-hfb-mobile-header-display":"","site-post-title":"disabled","ast-breadcrumbs-content":"","ast-featured-img":"disabled","footer-sml-layout":"","ast-disable-related-posts":"","theme-transparent-header-meta":"enabled","adv-header-id-meta":"","stick-header-meta":"","header-above-stick-meta":"","header-main-stick-meta":"","header-below-stick-meta":"","astra-migrate-meta-layouts":"set","ast-page-background-enabled":"default","ast-page-background-meta":{"desktop":{"background-color":"","background-image":"","background-repeat":"repeat","background-position":"center center","background-size":"auto","background-attachment":"scroll","background-type":"","background-media":"","overlay-type":"","overlay-color":"","overlay-opacity":"","overlay-gradient":""},"tablet":{"background-color":"","background-image":"","background-repeat":"repeat","background-position":"center center","background-size":"auto","background-attachment":"scroll","background-type":"","background-media":"","overlay-type":"","overlay-color":"","overlay-opacity":"","overlay-gradient":""},"mobile":{"background-color":"","background-image":"","background-repeat":"repeat","background-position":"center center","background-size":"auto","background-attachment":"scroll","background-type":"","background-media":"","overlay-type":"","overlay-color":"","overlay-opacity":"","overlay-gradient":""}},"ast-content-background-meta":{"desktop":{"background-color":"var(--ast-global-color-5)","background-image":"","background-repeat":"repeat","background-position":"center center","background-size":"auto","background-attachment":"scroll","background-type":"","background-media":"","overlay-type":"","overlay-color":"","overlay-opacity":"","overlay-gradient":""},"tablet":{"background-color":"var(--ast-global-color-5)","background-image":"","background-repeat":"repeat","background-position":"center center","background-size":"auto","background-attachment":"scroll","background-type":"","background-media":"","overlay-type":"","overlay-color":"","overlay-opacity":"","overlay-gradient":""},"mobile":{"background-color":"var(--ast-global-color-5)","background-image":"","background-repeat":"repeat","background-position":"center center","background-size":"auto","background-attachment":"scroll","background-type":"","background-media":"","overlay-type":"","overlay-color":"","overlay-opacity":"","overlay-gradient":""}},"footnotes":""},"class_list":["post-17","page","type-page","status-publish","has-post-thumbnail","hentry"],"_links":{"self":[{"href":"https:\/\/bluexperiences.pt\/pt\/wp-json\/wp\/v2\/pages\/17","targetHints":{"allow":["GET"]}}],"collection":[{"href":"https:\/\/bluexperiences.pt\/pt\/wp-json\/wp\/v2\/pages"}],"about":[{"href":"https:\/\/bluexperiences.pt\/pt\/wp-json\/wp\/v2\/types\/page"}],"author":[{"embeddable":true,"href":"https:\/\/bluexperiences.pt\/pt\/wp-json\/wp\/v2\/users\/3"}],"replies":[{"embeddable":true,"href":"https:\/\/bluexperiences.pt\/pt\/wp-json\/wp\/v2\/comments?post=17"}],"version-history":[{"count":149,"href":"https:\/\/bluexperiences.pt\/pt\/wp-json\/wp\/v2\/pages\/17\/revisions"}],"predecessor-version":[{"id":4557,"href":"https:\/\/bluexperiences.pt\/pt\/wp-json\/wp\/v2\/pages\/17\/revisions\/4557"}],"wp:featuredmedia":[{"embeddable":true,"href":"https:\/\/bluexperiences.pt\/pt\/wp-json\/wp\/v2\/media\/4319"}],"wp:attachment":[{"href":"https:\/\/bluexperiences.pt\/pt\/wp-json\/wp\/v2\/media?parent=17"}],"curies":[{"name":"wp","href":"https:\/\/api.w.org\/{rel}","templated":true}]}}